{"id":952,"date":"2026-02-18T09:09:36","date_gmt":"2026-02-18T09:09:36","guid":{"rendered":"https:\/\/lesamisdureseaubreton.fr\/?page_id=952"},"modified":"2026-02-18T10:07:43","modified_gmt":"2026-02-18T10:07:43","slug":"lassemblee-generale-2025-2026","status":"publish","type":"page","link":"https:\/\/lesamisdureseaubreton.fr\/index.php\/lassemblee-generale-2025-2026\/","title":{"rendered":"L&rsquo;assembl\u00e9e g\u00e9n\u00e9rale 2025-2026"},"content":{"rendered":"\n<blockquote class=\"wp-block-quote is-layout-flow wp-block-quote-is-layout-flow\"><\/blockquote>\n\n\n\n<p><strong>Samedi 7 mars 2026 <\/strong>\u00e0 9h30 \u00e0 L&rsquo;ATYPIC BISTRO, 2 rue Charles Le Goff, Parking Intermarch\u00e9, Carhaix-Plouguer.<\/p>\n\n\n\n<figure class=\"wp-block-image size-full is-resized\"><img loading=\"lazy\" decoding=\"async\" width=\"960\" height=\"539\" src=\"https:\/\/lesamisdureseaubreton.fr\/wp-content\/uploads\/2026\/02\/atypik-bistro.jpg\" alt=\"\" class=\"wp-image-966\" style=\"aspect-ratio:1.7811276996666183;width:220px;height:auto\" srcset=\"https:\/\/lesamisdureseaubreton.fr\/wp-content\/uploads\/2026\/02\/atypik-bistro.jpg 960w, https:\/\/lesamisdureseaubreton.fr\/wp-content\/uploads\/2026\/02\/atypik-bistro-300x168.jpg 300w, https:\/\/lesamisdureseaubreton.fr\/wp-content\/uploads\/2026\/02\/atypik-bistro-768x431.jpg 768w\" sizes=\"auto, (max-width: 960px) 100vw, 960px\" \/><\/figure>\n\n\n\n<p>Si vous ne pouvez pas assister personnellement \u00e0 l\u2019assembl\u00e9e g\u00e9n\u00e9rale, vous pouvez vous faire repr\u00e9senter par un mandataire. T\u00e9l\u00e9chargez ci-dessous le pouvoir \u00e0 compl\u00e9ter et signer, puis \u00e0 remettre \u00e0 votre mandataire ou retourner par courrier \u00e0 l\u2019association Les Amis du R\u00e9seau Breton, accompagn\u00e9 de votre cotisation,\u00a0au plus tard le 5 mars 2026.<\/p>\n\n\n\n<p>A l\u2019issue de la r\u00e9union, nous prolongerons la journ\u00e9e par un ap\u00e9ritif suivi d\u2019un repas (2 menus au choix) servi sur place. Tarif : 20 \u20ac par personne. (R\u00e8glement par ch\u00e8que, virement ou esp\u00e8ces avant l\u2019ouverture de s\u00e9ance). Les conjoints sont bien entendu convi\u00e9s. <\/p>\n\n\n\n<p>Afin de faciliter l\u2019organisation, merci de bien vouloir communiquer votre choix de menu (ci-dessous) par mail ou par t\u00e9l\u00e9phone, <strong>au plus tard le jeudi 26 f\u00e9vrier 2026<\/strong>, aupr\u00e8s de : <\/p>\n\n\n\n<p>Val\u00e9rie LE ROY SALA\u00dcN \u2013 06 82 25 90 85 \u2013 valerieleroy351@orange.fr, <\/p>\n\n\n\n<p>ou <\/p>\n\n\n\n<p>Ernest MANACH \u2013 06 35 81 69 35 \u2013 manach@gmail.com<\/p>\n\n\n\n<figure data-wp-context=\"{&quot;imageId&quot;:&quot;69deb12b161b5&quot;}\" data-wp-interactive=\"core\/image\" data-wp-key=\"69deb12b161b5\" class=\"wp-block-image aligncenter size-full is-resized has-custom-border wp-lightbox-container\" style=\"margin-top:0;margin-right:0;margin-bottom:0;margin-left:0\"><img loading=\"lazy\" decoding=\"async\" width=\"651\" height=\"911\" data-wp-class--hide=\"state.isContentHidden\" data-wp-class--show=\"state.isContentVisible\" data-wp-init=\"callbacks.setButtonStyles\" data-wp-on--click=\"actions.showLightbox\" data-wp-on--load=\"callbacks.setButtonStyles\" data-wp-on-window--resize=\"callbacks.setButtonStyles\" src=\"https:\/\/lesamisdureseaubreton.fr\/wp-content\/uploads\/2026\/02\/procuration.jpg\" alt=\"Le pouvoir\" class=\"wp-image-955\" style=\"border-width:4px;border-top-left-radius:0px;border-top-right-radius:0px;border-bottom-left-radius:0px;border-bottom-right-radius:0px;aspect-ratio:0.7147685525349008;width:246px;height:auto\" srcset=\"https:\/\/lesamisdureseaubreton.fr\/wp-content\/uploads\/2026\/02\/procuration.jpg 651w, https:\/\/lesamisdureseaubreton.fr\/wp-content\/uploads\/2026\/02\/procuration-214x300.jpg 214w\" sizes=\"auto, (max-width: 651px) 100vw, 651px\" \/><button\n\t\t\tclass=\"lightbox-trigger\"\n\t\t\ttype=\"button\"\n\t\t\taria-haspopup=\"dialog\"\n\t\t\taria-label=\"Agrandir\"\n\t\t\tdata-wp-init=\"callbacks.initTriggerButton\"\n\t\t\tdata-wp-on--click=\"actions.showLightbox\"\n\t\t\tdata-wp-style--right=\"state.imageButtonRight\"\n\t\t\tdata-wp-style--top=\"state.imageButtonTop\"\n\t\t>\n\t\t\t<svg xmlns=\"http:\/\/www.w3.org\/2000\/svg\" width=\"12\" height=\"12\" fill=\"none\" viewBox=\"0 0 12 12\">\n\t\t\t\t<path fill=\"#fff\" d=\"M2 0a2 2 0 0 0-2 2v2h1.5V2a.5.5 0 0 1 .5-.5h2V0H2Zm2 10.5H2a.5.5 0 0 1-.5-.5V8H0v2a2 2 0 0 0 2 2h2v-1.5ZM8 12v-1.5h2a.5.5 0 0 0 .5-.5V8H12v2a2 2 0 0 1-2 2H8Zm2-12a2 2 0 0 1 2 2v2h-1.5V2a.5.5 0 0 0-.5-.5H8V0h2Z\" \/>\n\t\t\t<\/svg>\n\t\t<\/button><\/figure>\n\n\n\n<figure data-wp-context=\"{&quot;imageId&quot;:&quot;69deb12b16683&quot;}\" data-wp-interactive=\"core\/image\" data-wp-key=\"69deb12b16683\" class=\"wp-block-image aligncenter size-full is-resized has-custom-border wp-lightbox-container\" style=\"margin-top:var(--wp--preset--spacing--30);margin-bottom:var(--wp--preset--spacing--30)\"><img loading=\"lazy\" decoding=\"async\" width=\"685\" height=\"915\" data-wp-class--hide=\"state.isContentHidden\" data-wp-class--show=\"state.isContentVisible\" data-wp-init=\"callbacks.setButtonStyles\" data-wp-on--click=\"actions.showLightbox\" data-wp-on--load=\"callbacks.setButtonStyles\" data-wp-on-window--resize=\"callbacks.setButtonStyles\" src=\"https:\/\/lesamisdureseaubreton.fr\/wp-content\/uploads\/2026\/02\/repas.jpg\" alt=\"\" class=\"wp-image-954\" style=\"border-width:3px;object-fit:cover;width:250px;height:auto\" srcset=\"https:\/\/lesamisdureseaubreton.fr\/wp-content\/uploads\/2026\/02\/repas.jpg 685w, https:\/\/lesamisdureseaubreton.fr\/wp-content\/uploads\/2026\/02\/repas-225x300.jpg 225w\" sizes=\"auto, (max-width: 685px) 100vw, 685px\" \/><button\n\t\t\tclass=\"lightbox-trigger\"\n\t\t\ttype=\"button\"\n\t\t\taria-haspopup=\"dialog\"\n\t\t\taria-label=\"Agrandir\"\n\t\t\tdata-wp-init=\"callbacks.initTriggerButton\"\n\t\t\tdata-wp-on--click=\"actions.showLightbox\"\n\t\t\tdata-wp-style--right=\"state.imageButtonRight\"\n\t\t\tdata-wp-style--top=\"state.imageButtonTop\"\n\t\t>\n\t\t\t<svg xmlns=\"http:\/\/www.w3.org\/2000\/svg\" width=\"12\" height=\"12\" fill=\"none\" viewBox=\"0 0 12 12\">\n\t\t\t\t<path fill=\"#fff\" d=\"M2 0a2 2 0 0 0-2 2v2h1.5V2a.5.5 0 0 1 .5-.5h2V0H2Zm2 10.5H2a.5.5 0 0 1-.5-.5V8H0v2a2 2 0 0 0 2 2h2v-1.5ZM8 12v-1.5h2a.5.5 0 0 0 .5-.5V8H12v2a2 2 0 0 1-2 2H8Zm2-12a2 2 0 0 1 2 2v2h-1.5V2a.5.5 0 0 0-.5-.5H8V0h2Z\" \/>\n\t\t\t<\/svg>\n\t\t<\/button><\/figure>\n","protected":false},"excerpt":{"rendered":"<p>Samedi 7 mars 2026 \u00e0 9h30 \u00e0 L&rsquo;ATYPIC BISTRO, 2 rue Charles Le Goff, Parking Intermarch\u00e9, Carhaix-Plouguer. Si vous ne pouvez pas assister personnellement \u00e0 l\u2019assembl\u00e9e g\u00e9n\u00e9rale, vous pouvez vous faire repr\u00e9senter par un mandataire. T\u00e9l\u00e9chargez ci-dessous le pouvoir \u00e0 compl\u00e9ter et signer, puis \u00e0 remettre \u00e0 votre mandataire ou retourner par courrier \u00e0 l\u2019association [&hellip;]<\/p>\n","protected":false},"author":6,"featured_media":0,"parent":0,"menu_order":0,"comment_status":"closed","ping_status":"closed","template":"","meta":{"om_disable_all_campaigns":false,"_monsterinsights_skip_tracking":false,"_monsterinsights_sitenote_active":false,"_monsterinsights_sitenote_note":"","_monsterinsights_sitenote_category":0,"footnotes":""},"class_list":["post-952","page","type-page","status-publish","hentry"],"aioseo_notices":[],"_links":{"self":[{"href":"https:\/\/lesamisdureseaubreton.fr\/index.php\/wp-json\/wp\/v2\/pages\/952","targetHints":{"allow":["GET"]}}],"collection":[{"href":"https:\/\/lesamisdureseaubreton.fr\/index.php\/wp-json\/wp\/v2\/pages"}],"about":[{"href":"https:\/\/lesamisdureseaubreton.fr\/index.php\/wp-json\/wp\/v2\/types\/page"}],"author":[{"embeddable":true,"href":"https:\/\/lesamisdureseaubreton.fr\/index.php\/wp-json\/wp\/v2\/users\/6"}],"replies":[{"embeddable":true,"href":"https:\/\/lesamisdureseaubreton.fr\/index.php\/wp-json\/wp\/v2\/comments?post=952"}],"version-history":[{"count":33,"href":"https:\/\/lesamisdureseaubreton.fr\/index.php\/wp-json\/wp\/v2\/pages\/952\/revisions"}],"predecessor-version":[{"id":1001,"href":"https:\/\/lesamisdureseaubreton.fr\/index.php\/wp-json\/wp\/v2\/pages\/952\/revisions\/1001"}],"wp:attachment":[{"href":"https:\/\/lesamisdureseaubreton.fr\/index.php\/wp-json\/wp\/v2\/media?parent=952"}],"curies":[{"name":"wp","href":"https:\/\/api.w.org\/{rel}","templated":true}]}}