{"id":32,"date":"2022-11-12T11:11:04","date_gmt":"2022-11-12T11:11:04","guid":{"rendered":"https:\/\/lesamisdureseaubreton.fr\/?page_id=32"},"modified":"2026-02-08T22:46:04","modified_gmt":"2026-02-08T22:46:04","slug":"la-loco-a-vapeur","status":"publish","type":"page","link":"https:\/\/lesamisdureseaubreton.fr\/index.php\/la-loco-a-vapeur\/","title":{"rendered":"La loco \u00e0 vapeur"},"content":{"rendered":"\n<figure class=\"wp-block-image size-full\"><img loading=\"lazy\" decoding=\"async\" width=\"600\" height=\"450\" src=\"https:\/\/lesamisdureseaubreton.fr\/wp-content\/uploads\/2026\/01\/IMG_1262.jpg\" alt=\"\" class=\"wp-image-227\" style=\"aspect-ratio:1.4993152166077994\" srcset=\"https:\/\/lesamisdureseaubreton.fr\/wp-content\/uploads\/2026\/01\/IMG_1262.jpg 600w, https:\/\/lesamisdureseaubreton.fr\/wp-content\/uploads\/2026\/01\/IMG_1262-300x225.jpg 300w\" sizes=\"auto, (max-width: 600px) 100vw, 600px\" \/><\/figure>\n\n\n\n<p>La 141 TB 424 appartient \u00e0 la s\u00e9rie 4401 \u00e0 4512 du r\u00e9seau des Chemins de fer de l\u2019Est (renum\u00e9rot\u00e9e&nbsp;141 TB 401 \u00e0 512 lors de la cr\u00e9ation de la SNCF en 1938). Ces locomotives furent construites de 1911 \u00e0 1917 essentiellement pour le trafic de la banlieue parisienne mais aussi la desserte des embranchements vosgiens. Il s\u2019agit d\u2019une locomotive apte \u00e0 circuler dans les deux sens \u00e0 la vitesse de 90 km\/h. Pendant la Grande Guerre, les 4400 ont particip\u00e9 au ravitaillement du front, notamment lors de la bataille de Verdun.<\/p>\n\n\n\n<figure class=\"wp-block-video\"><video height=\"1080\" style=\"aspect-ratio: 1920 \/ 1080;\" width=\"1920\" autoplay controls loop muted src=\"https:\/\/lesamisdureseaubreton.fr\/wp-content\/uploads\/2026\/02\/IMG_7336.mov\" playsinline><\/video><\/figure>\n\n\n\n<p class=\"has-large-font-size\">L&rsquo;entretien d\u00e9cennal<\/p>\n\n\n\n<p class=\"has-medium-font-size\">Tous les 10 ans, l\u2019\u00e9quipe d\u2019entretien de la loco 141 TB 424 r\u00e9alise le d\u00e9montage et la lev\u00e9e de la chaudi\u00e8re afin d\u2019en r\u00e9aliser le contr\u00f4le et la maintenance avant une remise en route pour la prochaine saison de la <strong><a href=\"https:\/\/www.guingamp-paimpol.com\/bienvenue-chez-nous\/les-sites-incontournables\/la-vapeur-du-trieux\" title=\"\">Vapeur du Trieux<\/a> (leur site).<\/strong> Ici, la chaudi\u00e8re sera remplie d\u2019eau pour s\u2019assurer qu\u2019elle est bien \u00e9tanche. Et pour \u00e7a, ils ont sorti les gros moyens le 12 novembre 2022.<\/p>\n\n\n\n<hr class=\"wp-block-separator aligncenter has-alpha-channel-opacity\"\/>\n\n\n<div class=\"n2-section-smartslider fitvidsignore  n2_clear\" data-ssid=\"7\" tabindex=\"0\" role=\"region\" aria-label=\"Slider\"><div id=\"n2-ss-7-align\" class=\"n2-ss-align\"><div class=\"n2-padding\"><div id=\"n2-ss-7\" data-creator=\"Smart Slider 3\" data-responsive=\"auto\" class=\"n2-ss-slider n2-ow n2-has-hover n2notransition  \">\n\n\n\n\n\n\n\n<div class=\"n2-ss-slider-wrapper-outside\" style=\"grid-template-rows:1fr auto\"><div class=\"n2-ss-slider-wrapper-inside\">\n        <div class=\"n2-ss-slider-1 n2_ss__touch_element n2-ow\">\n            <div class=\"n2-ss-slider-2 n2-ow\">\n                                                <div class=\"n2-ss-slider-3 n2-ow\">\n\n                    <div class=\"n2-ss-slide-backgrounds n2-ow-all\"><div class=\"n2-ss-slide-background\" data-public-id=\"1\" data-mode=\"fill\"><div class=\"n2-ss-slide-background-image\" data-blur=\"0\" data-opacity=\"100\" data-x=\"50\" data-y=\"50\" data-alt=\"\" data-title=\"\"><picture class=\"skip-lazy\" data-skip-lazy=\"1\"><img decoding=\"async\" src=\"\/\/lesamisdureseaubreton.fr\/wp-content\/uploads\/slider\/cache\/ff09cf3fcefa9cc54d96e6263f3b5731\/IMG_20221108_152759-1-scaled.jpg\" alt=\"\" title=\"\" loading=\"lazy\" class=\"skip-lazy\" data-skip-lazy=\"1\"><\/picture><\/div><div data-color=\"RGBA(255,255,255,0)\" style=\"background-color: RGBA(255,255,255,0);\" class=\"n2-ss-slide-background-color\"><\/div><\/div><div class=\"n2-ss-slide-background\" data-public-id=\"2\" data-mode=\"fill\" aria-hidden=\"true\"><div class=\"n2-ss-slide-background-image\" data-blur=\"0\" data-opacity=\"100\" data-x=\"50\" data-y=\"50\" data-alt=\"\" data-title=\"\"><picture class=\"skip-lazy\" data-skip-lazy=\"1\"><img decoding=\"async\" src=\"\/\/lesamisdureseaubreton.fr\/wp-content\/uploads\/slider\/cache\/32982864113c95e728b4d9a2f9b4509a\/IMG_20221108_143100-scaled.jpg\" alt=\"\" title=\"\" loading=\"lazy\" class=\"skip-lazy\" data-skip-lazy=\"1\"><\/picture><\/div><div data-color=\"RGBA(255,255,255,0)\" style=\"background-color: RGBA(255,255,255,0);\" class=\"n2-ss-slide-background-color\"><\/div><\/div><div class=\"n2-ss-slide-background\" data-public-id=\"3\" data-mode=\"fill\" aria-hidden=\"true\"><div class=\"n2-ss-slide-background-image\" data-blur=\"0\" data-opacity=\"100\" data-x=\"50\" data-y=\"50\" data-alt=\"\" data-title=\"\"><picture class=\"skip-lazy\" data-skip-lazy=\"1\"><img decoding=\"async\" src=\"\/\/lesamisdureseaubreton.fr\/wp-content\/uploads\/slider\/cache\/75ae4a462cdb6a55e46332b090a043d1\/IMG_20221108_150942-1-scaled.jpg\" alt=\"\" title=\"\" loading=\"lazy\" class=\"skip-lazy\" data-skip-lazy=\"1\"><\/picture><\/div><div data-color=\"RGBA(255,255,255,0)\" style=\"background-color: RGBA(255,255,255,0);\" class=\"n2-ss-slide-background-color\"><\/div><\/div><div class=\"n2-ss-slide-background\" data-public-id=\"4\" data-mode=\"fill\" aria-hidden=\"true\"><div class=\"n2-ss-slide-background-image\" data-blur=\"0\" data-opacity=\"100\" data-x=\"50\" data-y=\"50\" data-alt=\"\" data-title=\"\"><picture class=\"skip-lazy\" data-skip-lazy=\"1\"><img decoding=\"async\" src=\"\/\/lesamisdureseaubreton.fr\/wp-content\/uploads\/slider\/cache\/6c208bbbbd9a226ab4fa3782eefff2c4\/IMG_20221108_100916-scaled.jpg\" alt=\"\" title=\"\" loading=\"lazy\" class=\"skip-lazy\" data-skip-lazy=\"1\"><\/picture><\/div><div data-color=\"RGBA(255,255,255,0)\" style=\"background-color: RGBA(255,255,255,0);\" class=\"n2-ss-slide-background-color\"><\/div><\/div><div class=\"n2-ss-slide-background\" data-public-id=\"5\" data-mode=\"fill\" aria-hidden=\"true\"><div class=\"n2-ss-slide-background-image\" data-blur=\"0\" data-opacity=\"100\" data-x=\"50\" data-y=\"50\" data-alt=\"\" data-title=\"\"><picture class=\"skip-lazy\" data-skip-lazy=\"1\"><img decoding=\"async\" src=\"\/\/lesamisdureseaubreton.fr\/wp-content\/uploads\/slider\/cache\/e7ed5e64fe86c8dd5fd82167a428ab1e\/DSC02563_DxO.jpg\" alt=\"\" title=\"\" loading=\"lazy\" class=\"skip-lazy\" data-skip-lazy=\"1\"><\/picture><\/div><div data-color=\"RGBA(255,255,255,0)\" style=\"background-color: RGBA(255,255,255,0);\" class=\"n2-ss-slide-background-color\"><\/div><\/div><div class=\"n2-ss-slide-background\" data-public-id=\"6\" data-mode=\"fill\" aria-hidden=\"true\"><div class=\"n2-ss-slide-background-image\" data-blur=\"0\" data-opacity=\"100\" data-x=\"50\" data-y=\"50\" data-alt=\"\" data-title=\"\"><picture class=\"skip-lazy\" data-skip-lazy=\"1\"><img decoding=\"async\" src=\"\/\/lesamisdureseaubreton.fr\/wp-content\/uploads\/slider\/cache\/57c98fb80473dad0168c21e101eee612\/chaudiere1.jpg\" alt=\"\" title=\"\" loading=\"lazy\" class=\"skip-lazy\" data-skip-lazy=\"1\"><\/picture><\/div><div data-color=\"RGBA(255,255,255,0)\" style=\"background-color: RGBA(255,255,255,0);\" class=\"n2-ss-slide-background-color\"><\/div><\/div><div class=\"n2-ss-slide-background\" data-public-id=\"7\" data-mode=\"fill\" aria-hidden=\"true\"><div class=\"n2-ss-slide-background-image\" data-blur=\"0\" data-opacity=\"100\" data-x=\"50\" data-y=\"50\" data-alt=\"\" data-title=\"\"><picture class=\"skip-lazy\" data-skip-lazy=\"1\"><img decoding=\"async\" src=\"\/\/lesamisdureseaubreton.fr\/wp-content\/uploads\/slider\/cache\/0ad219f4a5202e60bf2759b37af980f0\/loco1.jpg\" alt=\"\" title=\"\" loading=\"lazy\" class=\"skip-lazy\" data-skip-lazy=\"1\"><\/picture><\/div><div data-color=\"RGBA(255,255,255,0)\" style=\"background-color: RGBA(255,255,255,0);\" class=\"n2-ss-slide-background-color\"><\/div><\/div><div class=\"n2-ss-slide-background\" data-public-id=\"8\" data-mode=\"fill\" aria-hidden=\"true\"><div class=\"n2-ss-slide-background-image\" data-blur=\"0\" data-opacity=\"100\" data-x=\"50\" data-y=\"50\" data-alt=\"\" data-title=\"\"><picture class=\"skip-lazy\" data-skip-lazy=\"1\"><img decoding=\"async\" src=\"\/\/lesamisdureseaubreton.fr\/wp-content\/uploads\/slider\/cache\/f5360700e01aecec84147d24b31406dd\/chaudiere2.jpg\" alt=\"\" title=\"\" loading=\"lazy\" class=\"skip-lazy\" data-skip-lazy=\"1\"><\/picture><\/div><div data-color=\"RGBA(255,255,255,0)\" style=\"background-color: RGBA(255,255,255,0);\" class=\"n2-ss-slide-background-color\"><\/div><\/div><\/div>                    <div class=\"n2-ss-slider-4 n2-ow\">\n                        <svg xmlns=\"http:\/\/www.w3.org\/2000\/svg\" viewBox=\"0 0 1200 1000\" data-related-device=\"desktopPortrait\" class=\"n2-ow n2-ss-preserve-size n2-ss-preserve-size--slider n2-ss-slide-limiter\"><\/svg><div data-first=\"1\" data-slide-duration=\"0\" data-id=\"75\" data-slide-public-id=\"1\" data-title=\"IMG_20221108_152759-1\" class=\"n2-ss-slide n2-ow  n2-ss-slide-75\"><div role=\"note\" class=\"n2-ss-slide--focus\" tabindex=\"-1\">IMG_20221108_152759-1<\/div><div class=\"n2-ss-layers-container n2-ss-slide-limiter n2-ow\"><div class=\"n2-ss-layer n2-ow n-uc-XuQYvzOIWaHg\" data-sstype=\"slide\" data-pm=\"default\"><\/div><\/div><\/div><div data-slide-duration=\"0\" data-id=\"76\" data-slide-public-id=\"2\" aria-hidden=\"true\" data-title=\"IMG_20221108_143100\" class=\"n2-ss-slide n2-ow  n2-ss-slide-76\"><div role=\"note\" class=\"n2-ss-slide--focus\" tabindex=\"-1\">IMG_20221108_143100<\/div><div class=\"n2-ss-layers-container n2-ss-slide-limiter n2-ow\"><div class=\"n2-ss-layer n2-ow n-uc-XOlJ8NEy2PIg\" data-sstype=\"slide\" data-pm=\"default\"><\/div><\/div><\/div><div data-slide-duration=\"0\" data-id=\"77\" data-slide-public-id=\"3\" aria-hidden=\"true\" data-title=\"IMG_20221108_150942-1\" class=\"n2-ss-slide n2-ow  n2-ss-slide-77\"><div role=\"note\" class=\"n2-ss-slide--focus\" tabindex=\"-1\">IMG_20221108_150942-1<\/div><div class=\"n2-ss-layers-container n2-ss-slide-limiter n2-ow\"><div class=\"n2-ss-layer n2-ow n-uc-FyN8myiptGq6\" data-sstype=\"slide\" data-pm=\"default\"><\/div><\/div><\/div><div data-slide-duration=\"0\" data-id=\"78\" data-slide-public-id=\"4\" aria-hidden=\"true\" data-title=\"IMG_20221108_100916\" class=\"n2-ss-slide n2-ow  n2-ss-slide-78\"><div role=\"note\" class=\"n2-ss-slide--focus\" tabindex=\"-1\">IMG_20221108_100916<\/div><div class=\"n2-ss-layers-container n2-ss-slide-limiter n2-ow\"><div class=\"n2-ss-layer n2-ow n-uc-zW8S4GwoJyfz\" data-sstype=\"slide\" data-pm=\"default\"><\/div><\/div><\/div><div data-slide-duration=\"0\" data-id=\"79\" data-slide-public-id=\"5\" aria-hidden=\"true\" data-title=\"DSC02563_DxO\" class=\"n2-ss-slide n2-ow  n2-ss-slide-79\"><div role=\"note\" class=\"n2-ss-slide--focus\" tabindex=\"-1\">DSC02563_DxO<\/div><div class=\"n2-ss-layers-container n2-ss-slide-limiter n2-ow\"><div class=\"n2-ss-layer n2-ow n-uc-agXyjxNA4j14\" data-sstype=\"slide\" data-pm=\"default\"><\/div><\/div><\/div><div data-slide-duration=\"0\" data-id=\"82\" data-slide-public-id=\"6\" aria-hidden=\"true\" data-title=\"chaudiere1\" class=\"n2-ss-slide n2-ow  n2-ss-slide-82\"><div role=\"note\" class=\"n2-ss-slide--focus\" tabindex=\"-1\">chaudiere1<\/div><div class=\"n2-ss-layers-container n2-ss-slide-limiter n2-ow\"><div class=\"n2-ss-layer n2-ow n-uc-oxl1lnVs1VqY\" data-sstype=\"slide\" data-pm=\"default\"><\/div><\/div><\/div><div data-slide-duration=\"0\" data-id=\"83\" data-slide-public-id=\"7\" aria-hidden=\"true\" data-title=\"loco1\" class=\"n2-ss-slide n2-ow  n2-ss-slide-83\"><div role=\"note\" class=\"n2-ss-slide--focus\" tabindex=\"-1\">loco1<\/div><div class=\"n2-ss-layers-container n2-ss-slide-limiter n2-ow\"><div class=\"n2-ss-layer n2-ow n-uc-Z4Rm8GQlOOvn\" data-sstype=\"slide\" data-pm=\"default\"><\/div><\/div><\/div><div data-slide-duration=\"0\" data-id=\"84\" data-slide-public-id=\"8\" aria-hidden=\"true\" data-title=\"chaudiere2\" class=\"n2-ss-slide n2-ow  n2-ss-slide-84\"><div role=\"note\" class=\"n2-ss-slide--focus\" tabindex=\"-1\">chaudiere2<\/div><div class=\"n2-ss-layers-container n2-ss-slide-limiter n2-ow\"><div class=\"n2-ss-layer n2-ow n-uc-GO0OfHXcoBKm\" data-sstype=\"slide\" data-pm=\"default\"><\/div><\/div><\/div>                    <\/div>\n\n                                    <\/div>\n            <\/div>\n        <\/div>\n        <div class=\"n2-ss-slider-controls n2-ss-slider-controls-absolute-left-center\"><div style=\"--widget-offset:15px;\" class=\"n2-ss-widget n2-style-107cb0e4b96e295f0c4852cfc0854d07-heading nextend-arrow n2-ow-all nextend-arrow-previous  nextend-arrow-animated-fade\" id=\"n2-ss-7-arrow-previous\" role=\"button\" aria-label=\"previous arrow\" tabindex=\"0\"><img loading=\"lazy\" decoding=\"async\" width=\"32\" height=\"32\" class=\"skip-lazy\" data-skip-lazy=\"1\" src=\"\/\/lesamisdureseaubreton.fr\/wp-content\/plugins\/smart-slider-3\/Public\/SmartSlider3\/Widget\/Arrow\/ArrowImage\/Assets\/previous\/full.svg\" alt=\"previous arrow\"><\/div><\/div><div class=\"n2-ss-slider-controls n2-ss-slider-controls-absolute-right-center\"><div style=\"--widget-offset:15px;\" class=\"n2-ss-widget n2-style-107cb0e4b96e295f0c4852cfc0854d07-heading nextend-arrow n2-ow-all nextend-arrow-next  nextend-arrow-animated-fade\" id=\"n2-ss-7-arrow-next\" role=\"button\" aria-label=\"next arrow\" tabindex=\"0\"><img loading=\"lazy\" decoding=\"async\" width=\"32\" height=\"32\" class=\"skip-lazy\" data-skip-lazy=\"1\" src=\"\/\/lesamisdureseaubreton.fr\/wp-content\/plugins\/smart-slider-3\/Public\/SmartSlider3\/Widget\/Arrow\/ArrowImage\/Assets\/next\/full.svg\" alt=\"next arrow\"><\/div><\/div><div class=\"n2-ss-slider-controls n2-ss-slider-controls-absolute-center-bottom\"><div style=\"--widget-offset:10px;\" class=\"n2-ss-widget n2-ss-control-bullet n2-ow-all n2-ss-control-bullet-horizontal\"><div class=\" nextend-bullet-bar n2-bar-justify-content-center\" role=\"group\" aria-label=\"Choose slide to display.\"><div class=\"n2-bullet n2-style-0b1501f187dd486f0b3833aafb1a1b8d-dot \" style=\"visibility:hidden;\"><\/div><\/div><\/div><\/div><\/div><div class=\"n2-ss-slider-controls n2-ss-slider-controls-below\"><div class=\"n2-ss-widget nextend-shadow n2-ow-all\"><img decoding=\"async\" width=\"1120\" height=\"50\" style=\"display: block; width:100%;max-width:none;\" class=\"nextend-shadow-image skip-lazy\" loading=\"lazy\" data-skip-lazy=\"1\" src=\"https:\/\/lesamisdureseaubreton.fr\/wp-content\/plugins\/smart-slider-3\/Public\/SmartSlider3\/Widget\/Shadow\/ShadowImage\/Assets\/shadow\/dark.png\" alt=\"Shadow\"><\/div><\/div><\/div><\/div><ss3-loader><\/ss3-loader><\/div><\/div><div class=\"n2_clear\"><\/div><\/div>","protected":false},"excerpt":{"rendered":"<p>La 141 TB 424 appartient \u00e0 la s\u00e9rie 4401 \u00e0 4512 du r\u00e9seau des Chemins de fer de l\u2019Est (renum\u00e9rot\u00e9e&nbsp;141 TB 401 \u00e0 512 lors de la cr\u00e9ation de la SNCF en 1938). Ces locomotives furent construites de 1911 \u00e0 1917 essentiellement pour le trafic de la banlieue parisienne mais aussi la desserte des embranchements [&hellip;]<\/p>\n","protected":false},"author":1,"featured_media":0,"parent":0,"menu_order":0,"comment_status":"closed","ping_status":"closed","template":"","meta":{"om_disable_all_campaigns":false,"_monsterinsights_skip_tracking":false,"_monsterinsights_sitenote_active":false,"_monsterinsights_sitenote_note":"","_monsterinsights_sitenote_category":0,"footnotes":""},"class_list":["post-32","page","type-page","status-publish","hentry"],"aioseo_notices":[],"_links":{"self":[{"href":"https:\/\/lesamisdureseaubreton.fr\/index.php\/wp-json\/wp\/v2\/pages\/32","targetHints":{"allow":["GET"]}}],"collection":[{"href":"https:\/\/lesamisdureseaubreton.fr\/index.php\/wp-json\/wp\/v2\/pages"}],"about":[{"href":"https:\/\/lesamisdureseaubreton.fr\/index.php\/wp-json\/wp\/v2\/types\/page"}],"author":[{"embeddable":true,"href":"https:\/\/lesamisdureseaubreton.fr\/index.php\/wp-json\/wp\/v2\/users\/1"}],"replies":[{"embeddable":true,"href":"https:\/\/lesamisdureseaubreton.fr\/index.php\/wp-json\/wp\/v2\/comments?post=32"}],"version-history":[{"count":25,"href":"https:\/\/lesamisdureseaubreton.fr\/index.php\/wp-json\/wp\/v2\/pages\/32\/revisions"}],"predecessor-version":[{"id":581,"href":"https:\/\/lesamisdureseaubreton.fr\/index.php\/wp-json\/wp\/v2\/pages\/32\/revisions\/581"}],"wp:attachment":[{"href":"https:\/\/lesamisdureseaubreton.fr\/index.php\/wp-json\/wp\/v2\/media?parent=32"}],"curies":[{"name":"wp","href":"https:\/\/api.w.org\/{rel}","templated":true}]}}