{"id":18,"date":"2022-10-16T16:26:51","date_gmt":"2022-10-16T16:26:51","guid":{"rendered":"https:\/\/lesamisdureseaubreton.fr\/?page_id=18"},"modified":"2026-03-07T14:45:19","modified_gmt":"2026-03-07T14:45:19","slug":"lassociation","status":"publish","type":"page","link":"https:\/\/lesamisdureseaubreton.fr\/index.php\/lassociation\/","title":{"rendered":"L&rsquo;association"},"content":{"rendered":"\n<div class=\"wp-block-media-text is-vertically-aligned-top\" style=\"grid-template-columns:15% auto\"><figure class=\"wp-block-media-text__media\"><img loading=\"lazy\" decoding=\"async\" width=\"768\" height=\"1024\" src=\"https:\/\/lesamisdureseaubreton.fr\/wp-content\/uploads\/2026\/01\/IMG_1261-768x1024.jpg\" alt=\"\" class=\"wp-image-222 size-full\" srcset=\"https:\/\/lesamisdureseaubreton.fr\/wp-content\/uploads\/2026\/01\/IMG_1261-768x1024.jpg 768w, https:\/\/lesamisdureseaubreton.fr\/wp-content\/uploads\/2026\/01\/IMG_1261-225x300.jpg 225w, https:\/\/lesamisdureseaubreton.fr\/wp-content\/uploads\/2026\/01\/IMG_1261.jpg 900w\" sizes=\"auto, (max-width: 768px) 100vw, 768px\" \/><\/figure><div class=\"wp-block-media-text__content\">\n<p>L&rsquo;association des amis du r\u00e9seau ferr\u00e9 Breton est \u00e0 but non lucratif anim\u00e9e par des passionn\u00e9s de l&rsquo;ancien r\u00e9seau ferr\u00e9 et dont l&rsquo;objectif est la cr\u00e9ation d&rsquo;un mus\u00e9e vivant dans les anciens ateliers ferroviaires de la gare de Carhaix.<\/p>\n<\/div><\/div>\n\n\n\n<p>Cr\u00e9ation et\/ou exploitation en partenariat d&rsquo;un <a href=\"https:\/\/www.guingamp-paimpol.com\/nos-experiences\/la-vapeur-du-trieux\" target=\"_blank\" rel=\"noopener\" title=\"\"><strong>train touristique La Vapeur du Trieux<\/strong> <\/a>sur les anciennes lignes du R\u00e9seau Breton<\/p>\n\n\n\n<div class=\"wp-block-media-text is-stacked-on-mobile\" style=\"grid-template-columns:29% auto\"><figure class=\"wp-block-media-text__media\"><video controls src=\"https:\/\/lesamisdureseaubreton.fr\/wp-content\/uploads\/2026\/02\/IMG_7320.mov\"><\/video><\/figure><div class=\"wp-block-media-text__content\">\n<p>La Vapeur du Trieux en chauffe \u00e0 Carhaix (2025).<\/p>\n<\/div><\/div>\n\n\n\n<p>Remise en fonctionnement d&rsquo;une voie m\u00e9tr\u00e9e, exposition d&rsquo;ouvrages documentaires, journ\u00e9es du patrimoine, maintenance sur du mat\u00e9riel ferroviaire (locomotives, voitures, &#8230;) Notre ambition est de pouvoir vous faire vivre ou revivre une \u00e9poque qui nous est ch\u00e8re.<\/p>\n\n\n\n<div class=\"wp-block-media-text\" style=\"grid-template-columns:15% auto\"><figure class=\"wp-block-media-text__media\"><img loading=\"lazy\" decoding=\"async\" width=\"768\" height=\"1024\" src=\"https:\/\/lesamisdureseaubreton.fr\/wp-content\/uploads\/2026\/02\/IMG_0787-768x1024.jpg\" alt=\"\" class=\"wp-image-627 size-full\" srcset=\"https:\/\/lesamisdureseaubreton.fr\/wp-content\/uploads\/2026\/02\/IMG_0787-768x1024.jpg 768w, https:\/\/lesamisdureseaubreton.fr\/wp-content\/uploads\/2026\/02\/IMG_0787-225x300.jpg 225w, https:\/\/lesamisdureseaubreton.fr\/wp-content\/uploads\/2026\/02\/IMG_0787-1152x1536.jpg 1152w, https:\/\/lesamisdureseaubreton.fr\/wp-content\/uploads\/2026\/02\/IMG_0787-1536x2048.jpg 1536w, https:\/\/lesamisdureseaubreton.fr\/wp-content\/uploads\/2026\/02\/IMG_0787-scaled.jpg 1920w\" sizes=\"auto, (max-width: 768px) 100vw, 768px\" \/><\/figure><div class=\"wp-block-media-text__content\">\n<p>L&rsquo;association est ouverte \u00e0 tous ceux qui souhaitent aider \u00e0 mener \u00e0 bien ce projet et\/ou d\u00e9couvrir l&rsquo;historique et l&rsquo;histoire du positionnement centrale que pouvait avoir la ville de Carhaix \u00e0 partir du 19\u00e8me si\u00e8cle. R\u00e9unions chaque jeudi et samedi au local B14 en gare de Carhaix.<\/p>\n<\/div><\/div>\n\n\n\n<p>Pour + d&rsquo;informations et contact, Ernest Manach, pr\u00e9sident: <a href=\"mailto:ernest.manach@gmail.com\">ernest.manach@gmail.com<\/a><\/p>\n\n\n\n<p>Section mod\u00e9lisme, responsable Michel Crespin: : <a href=\"mailto:miccrespin@wanadoo.fr\">miccrespin@wanadoo.fr<\/a><\/p>\n\n\n\n<p>Envie de nous rejoindre ? Imprimez et renvoyez nous le formulaire d&rsquo;adh\u00e9sion 2026 ci-dessous.<\/p>\n\n\n\n<h5 class=\"wp-block-heading has-text-align-center\"><a href=\"https:\/\/lesamisdureseaubreton.fr\/wp-content\/uploads\/2026\/02\/ARB_-Bulletin-dadhesion-_-15e-version-modifiable-022026.pdf\" target=\"_blank\" rel=\"noopener\" title=\"ARB-Bulletin-dadhesion\">T\u00e9l\u00e9charger le formulaire d&rsquo;adhesion 2026<\/a><\/h5>\n\n\n\n<div class=\"wp-block-media-text is-stacked-on-mobile has-medium-font-size\" style=\"grid-template-columns:25% auto\"><figure class=\"wp-block-media-text__media\"><img loading=\"lazy\" decoding=\"async\" width=\"585\" height=\"801\" src=\"https:\/\/lesamisdureseaubreton.fr\/wp-content\/uploads\/2026\/02\/adhesion.jpg\" alt=\"\" class=\"wp-image-737 size-full\" srcset=\"https:\/\/lesamisdureseaubreton.fr\/wp-content\/uploads\/2026\/02\/adhesion.jpg 585w, https:\/\/lesamisdureseaubreton.fr\/wp-content\/uploads\/2026\/02\/adhesion-219x300.jpg 219w\" sizes=\"auto, (max-width: 585px) 100vw, 585px\" \/><\/figure><div class=\"wp-block-media-text__content\">\n<p class=\"has-large-font-size\">Amis du R\u00e9seau Breton <\/p>\n\n\n\n<p class=\"has-medium-font-size\">B14 anciens ateliers de la gare <\/p>\n\n\n\n<p class=\"has-medium-font-size\">1 rue Salvador Allende <\/p>\n\n\n\n<p class=\"has-medium-font-size\">29270 Carhaix<\/p>\n<\/div><\/div>\n","protected":false},"excerpt":{"rendered":"<p>L&rsquo;association des amis du r\u00e9seau ferr\u00e9 Breton est \u00e0 but non lucratif anim\u00e9e par des passionn\u00e9s de l&rsquo;ancien r\u00e9seau ferr\u00e9 et dont l&rsquo;objectif est la cr\u00e9ation d&rsquo;un mus\u00e9e vivant dans les anciens ateliers ferroviaires de la gare de Carhaix. Cr\u00e9ation et\/ou exploitation en partenariat d&rsquo;un train touristique La Vapeur du Trieux sur les anciennes lignes [&hellip;]<\/p>\n","protected":false},"author":1,"featured_media":0,"parent":0,"menu_order":0,"comment_status":"closed","ping_status":"closed","template":"","meta":{"om_disable_all_campaigns":false,"_monsterinsights_skip_tracking":false,"_monsterinsights_sitenote_active":false,"_monsterinsights_sitenote_note":"","_monsterinsights_sitenote_category":0,"footnotes":""},"class_list":["post-18","page","type-page","status-publish","hentry"],"aioseo_notices":[],"_links":{"self":[{"href":"https:\/\/lesamisdureseaubreton.fr\/index.php\/wp-json\/wp\/v2\/pages\/18","targetHints":{"allow":["GET"]}}],"collection":[{"href":"https:\/\/lesamisdureseaubreton.fr\/index.php\/wp-json\/wp\/v2\/pages"}],"about":[{"href":"https:\/\/lesamisdureseaubreton.fr\/index.php\/wp-json\/wp\/v2\/types\/page"}],"author":[{"embeddable":true,"href":"https:\/\/lesamisdureseaubreton.fr\/index.php\/wp-json\/wp\/v2\/users\/1"}],"replies":[{"embeddable":true,"href":"https:\/\/lesamisdureseaubreton.fr\/index.php\/wp-json\/wp\/v2\/comments?post=18"}],"version-history":[{"count":38,"href":"https:\/\/lesamisdureseaubreton.fr\/index.php\/wp-json\/wp\/v2\/pages\/18\/revisions"}],"predecessor-version":[{"id":1044,"href":"https:\/\/lesamisdureseaubreton.fr\/index.php\/wp-json\/wp\/v2\/pages\/18\/revisions\/1044"}],"wp:attachment":[{"href":"https:\/\/lesamisdureseaubreton.fr\/index.php\/wp-json\/wp\/v2\/media?parent=18"}],"curies":[{"name":"wp","href":"https:\/\/api.w.org\/{rel}","templated":true}]}}